{"id":30,"date":"2021-12-15T14:59:22","date_gmt":"2021-12-15T14:59:22","guid":{"rendered":"https:\/\/dousnbrass.ch\/?page_id=30"},"modified":"2025-10-24T13:14:06","modified_gmt":"2025-10-24T11:14:06","slug":"auftritte","status":"publish","type":"page","link":"https:\/\/dousnbrass.ch\/index.php\/auftritte\/","title":{"rendered":"Auftritte"},"content":{"rendered":"<p>01.11. Allerheiligen Gig mit anschliessendem G\u00f6nnerap\u00e9ro auf dem Dorfplatz<\/p>\n<p>26.11.25 Chomerm\u00e4rt Gig im H\u00fclsepresserz\u00e4lt<\/p>\n<p>08.12. Weihnachtsmarkt Cham<\/p>\n<p>24.12. Familiengottesdienst, H\u00fcnenberg, 17.00<\/p>\n","protected":false},"excerpt":{"rendered":"<p>01.11. Allerheiligen Gig mit anschliessendem G\u00f6nnerap\u00e9ro auf dem Dorfplatz 26.11.25 Chomerm\u00e4rt Gig im H\u00fclsepresserz\u00e4lt 08.12. Weihnachtsmarkt Cham 24.12. Familiengottesdienst, H\u00fcnenberg, 17.00<\/p>\n","protected":false},"author":1,"featured_media":0,"parent":0,"menu_order":0,"comment_status":"closed","ping_status":"closed","template":"","meta":{"footnotes":""},"class_list":["post-30","page","type-page","status-publish","hentry"],"aioseo_notices":[],"jetpack_sharing_enabled":true,"_links":{"self":[{"href":"https:\/\/dousnbrass.ch\/index.php\/wp-json\/wp\/v2\/pages\/30","targetHints":{"allow":["GET"]}}],"collection":[{"href":"https:\/\/dousnbrass.ch\/index.php\/wp-json\/wp\/v2\/pages"}],"about":[{"href":"https:\/\/dousnbrass.ch\/index.php\/wp-json\/wp\/v2\/types\/page"}],"author":[{"embeddable":true,"href":"https:\/\/dousnbrass.ch\/index.php\/wp-json\/wp\/v2\/users\/1"}],"replies":[{"embeddable":true,"href":"https:\/\/dousnbrass.ch\/index.php\/wp-json\/wp\/v2\/comments?post=30"}],"version-history":[{"count":16,"href":"https:\/\/dousnbrass.ch\/index.php\/wp-json\/wp\/v2\/pages\/30\/revisions"}],"predecessor-version":[{"id":816,"href":"https:\/\/dousnbrass.ch\/index.php\/wp-json\/wp\/v2\/pages\/30\/revisions\/816"}],"wp:attachment":[{"href":"https:\/\/dousnbrass.ch\/index.php\/wp-json\/wp\/v2\/media?parent=30"}],"curies":[{"name":"wp","href":"https:\/\/api.w.org\/{rel}","templated":true}]}}